{"id":9508,"date":"2024-04-16T16:08:14","date_gmt":"2024-04-16T14:08:14","guid":{"rendered":"https:\/\/www.lheurebleueprovence.fr\/legal-notices\/"},"modified":"2024-09-09T09:16:26","modified_gmt":"2024-09-09T07:16:26","slug":"legal-notices","status":"publish","type":"page","link":"https:\/\/www.lheurebleueprovence.fr\/en\/legal-notices\/","title":{"rendered":"Legal notices"},"content":{"rendered":"<div class=\"fusion-fullwidth fullwidth-box fusion-builder-row-1 fusion-flex-container nonhundred-percent-fullwidth non-hundred-percent-height-scrolling\" style=\"--awb-border-radius-top-left:0px;--awb-border-radius-top-right:0px;--awb-border-radius-bottom-right:0px;--awb-border-radius-bottom-left:0px;--awb-flex-wrap:wrap;\" ><div class=\"fusion-builder-row fusion-row fusion-flex-align-items-flex-start fusion-flex-content-wrap\" style=\"max-width:1300px;margin-left: calc(-4% \/ 2 );margin-right: calc(-4% \/ 2 );\"><div class=\"fusion-layout-column fusion_builder_column fusion-builder-column-0 fusion_builder_column_1_1 1_1 fusion-flex-column\" style=\"--awb-bg-size:cover;--awb-width-large:100%;--awb-margin-top-large:0px;--awb-spacing-right-large:1.92%;--awb-margin-bottom-large:0px;--awb-spacing-left-large:1.92%;--awb-width-medium:100%;--awb-spacing-right-medium:1.92%;--awb-spacing-left-medium:1.92%;--awb-width-small:100%;--awb-spacing-right-small:1.92%;--awb-spacing-left-small:1.92%;\"><div class=\"fusion-column-wrapper fusion-flex-justify-content-flex-start fusion-content-layout-column\"><div class=\"fusion-text fusion-text-1\" style=\"--awb-text-transform:none;\"><h3>Legal notices<\/h3>\n<p> The company &#8230;&#8230;&#8230;&#8230;&#8230; Share capital &#8230;&#8230;&#8230;&#8230;.. \u20ac SIRET number &#8230;&#8230;&#8230;&#8230;&#8230;.. Intra-community VAT number FR &#8230;&#8230;&#8230;&#8230;. Registration number in the trade and companies register (RCS) &#8230;&#8230;&#8230;&#8230;.. RCS &#8230;&#8230;. Registered office address &#8230;&#8230;&#8230;&#8230;&#8230; &#8211; &#8230;&#8230;&#8230;&#8230;&#8230;&#8230;&#8230; \/ FRANCE Telephone +33 (0)&#8230;&#8230;&#8230;&#8230;&#8230;&#8230;&#8230; Publication director &#8230;&#8230;&#8230;&#8230;&#8230;. <\/p>\n<h3>Host<\/h3>\n<p> INTRASITE with capital of \u20ac27,000 RCS Avignon B 531 593 663 APE Code 2620Z VAT No.: FR24531593663 Head office: 17 Boulevard Champfleury &#8211; 84000 Avignon &#8211; France <\/p>\n<h3>Intellectual property<\/h3>\n<p> In accordance with Article L122-4 of the Intellectual Property Code, any full or partial representation made without the consent of the author or his beneficiaries is illegal. The same applies to translation, adaptation or transformation, arrangement or reproduction by any art or process. The names or appellations, logos and visuals, photos, are the exclusive property of their respective owners.   <\/p>\n<h3>Cookies<\/h3>\n<p> A cookie is a small computer file, a tracer. It allows to analyze the behavior of users when visiting a website, reading an email, installing or using software or a mobile application. Browsing the is likely to cause the installation of cookie(s) on the user&#8217;s computer. The user can however configure his computer as follows, to refuse the installation of cookies:    <\/p>\n<ul>\n<li>In Firefox: At the top of the browser window, click the Firefox button, then go to the Options tab. Click the Privacy tab. Set the Retention Rules to: use custom settings for history. Finally, uncheck it to disable cookies.   <\/li>\n<li>In Safari: Click on the menu icon (symbolized by a cog) at the top right of the browser. Select Settings. Click on Show advanced settings. In the \u201cPrivacy\u201d section, click on Content settings. In the \u201cCookies\u201d section, you can block cookies.    <\/li>\n<li>In Chrome: Click on the menu icon (symbolized by three horizontal lines) at the top right of the browser. Select Settings. Click on Show advanced settings. In the \u201cPrivacy\u201d section, click on preferences. In the \u201cPrivacy\u201d tab, you can block cookies.    <\/li>\n<\/ul>\n<h3>Personal Data<\/h3>\n<p> When you use the site, the following data may be collected: <\/p>\n<ul>\n<li>the URL of the links through which the user accessed the site<\/li>\n<li>the user&#8217;s access provider,<\/li>\n<li>the user&#8217;s Internet Protocol (IP) address&#8230;&#8230;&#8230;&#8230;&#8230;&#8230;&#8230; only collects personal information about the user in the context of:<\/li>\n<li>of the contact page formThe user provides this information with full knowledge of the facts, by entering it himself. In accordance with the provisions of Articles 38 et seq. of Law 78-17 of 6 January 1978 relating to information technology, files and freedoms, any user has the right to access, rectify and oppose personal data concerning him, by making his written and signed request, accompanied by a copy of the identity document with the signature of the holder of the document, specifying the address to which the response must be sent to the following email address: <a href=\"mailto:contact@lheurebleueprovence.fr\">contact@lheurebleueprovence.fr<\/a> <\/li>\n<\/ul>\n<p> No personal information of the user of the site is published without the user&#8217;s knowledge, exchanged, transferred, assigned or sold on any medium whatsoever to third parties.<\/p>\n<\/div><\/div><\/div><\/div><\/div>\n","protected":false},"excerpt":{"rendered":"","protected":false},"author":1,"featured_media":0,"parent":0,"menu_order":25,"comment_status":"closed","ping_status":"closed","template":"","meta":{"footnotes":""},"class_list":["post-9508","page","type-page","status-publish","hentry"],"yoast_head":"<!-- This site is optimized with the Yoast SEO plugin v25.4 - https:\/\/yoast.com\/wordpress\/plugins\/seo\/ -->\n<title>Legal notices - L&#039;Heure Bleue en Provence<\/title>\n<meta name=\"robots\" content=\"index, follow, max-snippet:-1, max-image-preview:large, max-video-preview:-1\" \/>\n<link rel=\"canonical\" href=\"https:\/\/www.lheurebleueprovence.fr\/en\/legal-notices\/\" \/>\n<meta property=\"og:locale\" content=\"en_US\" \/>\n<meta property=\"og:type\" content=\"article\" \/>\n<meta property=\"og:title\" content=\"Legal notices - L&#039;Heure Bleue en Provence\" \/>\n<meta property=\"og:url\" content=\"https:\/\/www.lheurebleueprovence.fr\/en\/legal-notices\/\" \/>\n<meta property=\"og:site_name\" content=\"L&#039;Heure Bleue en Provence\" \/>\n<meta property=\"article:publisher\" content=\"https:\/\/www.facebook.com\/profile.php?id=61557930712226\" \/>\n<meta property=\"article:modified_time\" content=\"2024-09-09T07:16:26+00:00\" \/>\n<meta name=\"twitter:card\" content=\"summary_large_image\" \/>\n<meta name=\"twitter:label1\" content=\"Est. reading time\" \/>\n\t<meta name=\"twitter:data1\" content=\"4 minutes\" \/>\n<script type=\"application\/ld+json\" class=\"yoast-schema-graph\">{\"@context\":\"https:\/\/schema.org\",\"@graph\":[{\"@type\":\"WebPage\",\"@id\":\"https:\/\/www.lheurebleueprovence.fr\/en\/legal-notices\/\",\"url\":\"https:\/\/www.lheurebleueprovence.fr\/en\/legal-notices\/\",\"name\":\"Legal notices - L&#039;Heure Bleue en Provence\",\"isPartOf\":{\"@id\":\"https:\/\/www.lheurebleueprovence.fr\/en\/#website\"},\"datePublished\":\"2024-04-16T14:08:14+00:00\",\"dateModified\":\"2024-09-09T07:16:26+00:00\",\"breadcrumb\":{\"@id\":\"https:\/\/www.lheurebleueprovence.fr\/en\/legal-notices\/#breadcrumb\"},\"inLanguage\":\"en-US\",\"potentialAction\":[{\"@type\":\"ReadAction\",\"target\":[\"https:\/\/www.lheurebleueprovence.fr\/en\/legal-notices\/\"]}]},{\"@type\":\"BreadcrumbList\",\"@id\":\"https:\/\/www.lheurebleueprovence.fr\/en\/legal-notices\/#breadcrumb\",\"itemListElement\":[{\"@type\":\"ListItem\",\"position\":1,\"name\":\"Accueil\",\"item\":\"https:\/\/www.lheurebleueprovence.fr\/en\/home-alternate\/\"},{\"@type\":\"ListItem\",\"position\":2,\"name\":\"Legal notices\"}]},{\"@type\":\"WebSite\",\"@id\":\"https:\/\/www.lheurebleueprovence.fr\/en\/#website\",\"url\":\"https:\/\/www.lheurebleueprovence.fr\/en\/\",\"name\":\"L'Heure Bleue en Provence\",\"description\":\"Salon de Th\u00e9 &amp; Restaurant &amp; Chambres d&#039;H\u00f4tes \u00e0 Villeneuve les Avignon en Provence\",\"publisher\":{\"@id\":\"https:\/\/www.lheurebleueprovence.fr\/en\/#organization\"},\"potentialAction\":[{\"@type\":\"SearchAction\",\"target\":{\"@type\":\"EntryPoint\",\"urlTemplate\":\"https:\/\/www.lheurebleueprovence.fr\/en\/?s={search_term_string}\"},\"query-input\":{\"@type\":\"PropertyValueSpecification\",\"valueRequired\":true,\"valueName\":\"search_term_string\"}}],\"inLanguage\":\"en-US\"},{\"@type\":\"Organization\",\"@id\":\"https:\/\/www.lheurebleueprovence.fr\/en\/#organization\",\"name\":\"L'Heure Bleue en Provence\",\"url\":\"https:\/\/www.lheurebleueprovence.fr\/en\/\",\"logo\":{\"@type\":\"ImageObject\",\"inLanguage\":\"en-US\",\"@id\":\"https:\/\/www.lheurebleueprovence.fr\/en\/#\/schema\/logo\/image\/\",\"url\":\"https:\/\/www.lheurebleueprovence.fr\/wp-content\/uploads\/2025\/07\/Capture-decran-2025-07-01-145020.png\",\"contentUrl\":\"https:\/\/www.lheurebleueprovence.fr\/wp-content\/uploads\/2025\/07\/Capture-decran-2025-07-01-145020.png\",\"width\":118,\"height\":142,\"caption\":\"L'Heure Bleue en Provence\"},\"image\":{\"@id\":\"https:\/\/www.lheurebleueprovence.fr\/en\/#\/schema\/logo\/image\/\"},\"sameAs\":[\"https:\/\/www.facebook.com\/profile.php?id=61557930712226\",\"https:\/\/www.instagram.com\/lheurebleue_la_regence\/?hl=fr\"]}]}<\/script>\n<!-- \/ Yoast SEO plugin. -->","yoast_head_json":{"title":"Legal notices - L&#039;Heure Bleue en Provence","robots":{"index":"index","follow":"follow","max-snippet":"max-snippet:-1","max-image-preview":"max-image-preview:large","max-video-preview":"max-video-preview:-1"},"canonical":"https:\/\/www.lheurebleueprovence.fr\/en\/legal-notices\/","og_locale":"en_US","og_type":"article","og_title":"Legal notices - L&#039;Heure Bleue en Provence","og_url":"https:\/\/www.lheurebleueprovence.fr\/en\/legal-notices\/","og_site_name":"L&#039;Heure Bleue en Provence","article_publisher":"https:\/\/www.facebook.com\/profile.php?id=61557930712226","article_modified_time":"2024-09-09T07:16:26+00:00","twitter_card":"summary_large_image","twitter_misc":{"Est. reading time":"4 minutes"},"schema":{"@context":"https:\/\/schema.org","@graph":[{"@type":"WebPage","@id":"https:\/\/www.lheurebleueprovence.fr\/en\/legal-notices\/","url":"https:\/\/www.lheurebleueprovence.fr\/en\/legal-notices\/","name":"Legal notices - L&#039;Heure Bleue en Provence","isPartOf":{"@id":"https:\/\/www.lheurebleueprovence.fr\/en\/#website"},"datePublished":"2024-04-16T14:08:14+00:00","dateModified":"2024-09-09T07:16:26+00:00","breadcrumb":{"@id":"https:\/\/www.lheurebleueprovence.fr\/en\/legal-notices\/#breadcrumb"},"inLanguage":"en-US","potentialAction":[{"@type":"ReadAction","target":["https:\/\/www.lheurebleueprovence.fr\/en\/legal-notices\/"]}]},{"@type":"BreadcrumbList","@id":"https:\/\/www.lheurebleueprovence.fr\/en\/legal-notices\/#breadcrumb","itemListElement":[{"@type":"ListItem","position":1,"name":"Accueil","item":"https:\/\/www.lheurebleueprovence.fr\/en\/home-alternate\/"},{"@type":"ListItem","position":2,"name":"Legal notices"}]},{"@type":"WebSite","@id":"https:\/\/www.lheurebleueprovence.fr\/en\/#website","url":"https:\/\/www.lheurebleueprovence.fr\/en\/","name":"L'Heure Bleue en Provence","description":"Salon de Th\u00e9 &amp; Restaurant &amp; Chambres d&#039;H\u00f4tes \u00e0 Villeneuve les Avignon en Provence","publisher":{"@id":"https:\/\/www.lheurebleueprovence.fr\/en\/#organization"},"potentialAction":[{"@type":"SearchAction","target":{"@type":"EntryPoint","urlTemplate":"https:\/\/www.lheurebleueprovence.fr\/en\/?s={search_term_string}"},"query-input":{"@type":"PropertyValueSpecification","valueRequired":true,"valueName":"search_term_string"}}],"inLanguage":"en-US"},{"@type":"Organization","@id":"https:\/\/www.lheurebleueprovence.fr\/en\/#organization","name":"L'Heure Bleue en Provence","url":"https:\/\/www.lheurebleueprovence.fr\/en\/","logo":{"@type":"ImageObject","inLanguage":"en-US","@id":"https:\/\/www.lheurebleueprovence.fr\/en\/#\/schema\/logo\/image\/","url":"https:\/\/www.lheurebleueprovence.fr\/wp-content\/uploads\/2025\/07\/Capture-decran-2025-07-01-145020.png","contentUrl":"https:\/\/www.lheurebleueprovence.fr\/wp-content\/uploads\/2025\/07\/Capture-decran-2025-07-01-145020.png","width":118,"height":142,"caption":"L'Heure Bleue en Provence"},"image":{"@id":"https:\/\/www.lheurebleueprovence.fr\/en\/#\/schema\/logo\/image\/"},"sameAs":["https:\/\/www.facebook.com\/profile.php?id=61557930712226","https:\/\/www.instagram.com\/lheurebleue_la_regence\/?hl=fr"]}]}},"_links":{"self":[{"href":"https:\/\/www.lheurebleueprovence.fr\/en\/wp-json\/wp\/v2\/pages\/9508","targetHints":{"allow":["GET"]}}],"collection":[{"href":"https:\/\/www.lheurebleueprovence.fr\/en\/wp-json\/wp\/v2\/pages"}],"about":[{"href":"https:\/\/www.lheurebleueprovence.fr\/en\/wp-json\/wp\/v2\/types\/page"}],"author":[{"embeddable":true,"href":"https:\/\/www.lheurebleueprovence.fr\/en\/wp-json\/wp\/v2\/users\/1"}],"replies":[{"embeddable":true,"href":"https:\/\/www.lheurebleueprovence.fr\/en\/wp-json\/wp\/v2\/comments?post=9508"}],"version-history":[{"count":2,"href":"https:\/\/www.lheurebleueprovence.fr\/en\/wp-json\/wp\/v2\/pages\/9508\/revisions"}],"predecessor-version":[{"id":9510,"href":"https:\/\/www.lheurebleueprovence.fr\/en\/wp-json\/wp\/v2\/pages\/9508\/revisions\/9510"}],"wp:attachment":[{"href":"https:\/\/www.lheurebleueprovence.fr\/en\/wp-json\/wp\/v2\/media?parent=9508"}],"curies":[{"name":"wp","href":"https:\/\/api.w.org\/{rel}","templated":true}]}}