{"id":9511,"date":"2024-04-16T16:08:14","date_gmt":"2024-04-16T14:08:14","guid":{"rendered":"https:\/\/www.lheurebleueprovence.fr\/rechtliche-hinweise\/"},"modified":"2024-09-09T09:26:47","modified_gmt":"2024-09-09T07:26:47","slug":"rechtliche-hinweise","status":"publish","type":"page","link":"https:\/\/www.lheurebleueprovence.fr\/de\/rechtliche-hinweise\/","title":{"rendered":"Rechtliche Hinweise"},"content":{"rendered":"<div class=\"fusion-fullwidth fullwidth-box fusion-builder-row-1 fusion-flex-container nonhundred-percent-fullwidth non-hundred-percent-height-scrolling\" style=\"--awb-border-radius-top-left:0px;--awb-border-radius-top-right:0px;--awb-border-radius-bottom-right:0px;--awb-border-radius-bottom-left:0px;--awb-flex-wrap:wrap;\" ><div class=\"fusion-builder-row fusion-row fusion-flex-align-items-flex-start fusion-flex-content-wrap\" style=\"max-width:1300px;margin-left: calc(-4% \/ 2 );margin-right: calc(-4% \/ 2 );\"><div class=\"fusion-layout-column fusion_builder_column fusion-builder-column-0 fusion_builder_column_1_1 1_1 fusion-flex-column\" style=\"--awb-bg-size:cover;--awb-width-large:100%;--awb-margin-top-large:0px;--awb-spacing-right-large:1.92%;--awb-margin-bottom-large:0px;--awb-spacing-left-large:1.92%;--awb-width-medium:100%;--awb-spacing-right-medium:1.92%;--awb-spacing-left-medium:1.92%;--awb-width-small:100%;--awb-spacing-right-small:1.92%;--awb-spacing-left-small:1.92%;\"><div class=\"fusion-column-wrapper fusion-flex-justify-content-flex-start fusion-content-layout-column\"><div class=\"fusion-text fusion-text-1\" style=\"--awb-text-transform:none;\"><h3>Rechtliche Hinweise<\/h3>\n<p> Das Unternehmen &#8230;&#8230;&#8230;&#8230; Stammkapital &#8230;&#8230;&#8230;&#8230; \u20ac SIRET-Nummer &#8230;&#8230;&#8230;&#8230; &#8230; .. FR innergemeinschaftliche Umsatzsteuer-Identifikationsnummer &#8230;&#8230;&#8230;&#8230;. Registrierungsnummer im Handels- und Gesellschaftsregister (RCS) &#8230;&#8230;&#8230;&#8230; .. RCS &#8230; &#8230;. Hauptsitzadresse &#8230;&#8230;&#8230;&#8230;&#8230;.. &#8211; &#8230;&#8230;&#8230;&#8230;&#8230;&#8230;.. . \/ FRANKREICH Telefon +33 ( 0)&#8230;&#8230;&#8230;&#8230;&#8230;&#8230;. Publikationsleiter &#8230;&#8230;.. <\/p>\n<h3>Gastgeber<\/h3>\n<p> INTRASITE mit einem Kapital von 27.000 \u20ac RCS Avignon B 531 593 663 APE-Code 2620Z Umsatzsteuer-Identifikationsnummer: FR24531593663 Hauptsitz: 17 Boulevard Champfleury \u2013 84000 Avignon \u2013 Frankreich <\/p>\n<h3>Geistiges Eigentum<\/h3>\n<p> Gem\u00e4\u00df Artikel L122-4 des Gesetzes \u00fcber geistiges Eigentum ist jede vollst\u00e4ndige oder teilweise Wiedergabe ohne Zustimmung des Autors oder seiner Beg\u00fcnstigten rechtswidrig. Das Gleiche gilt f\u00fcr die \u00dcbersetzung, Adaption bzw. Umgestaltung, Anordnung oder Vervielf\u00e4ltigung durch irgendeine Kunst oder ein Verfahren. Die Namen oder Bezeichnungen, Logos und Bilder sowie Fotos sind ausschlie\u00dfliches Eigentum ihrer jeweiligen Eigent\u00fcmer.   <\/p>\n<h3>Cookies<\/h3>\n<p> Ein Cookie ist eine kleine Computerdatei, ein Tracker. Es erm\u00f6glicht die Analyse des Nutzerverhaltens beim Besuch einer Website, beim Lesen einer E-Mail, bei der Installation oder Nutzung von Software oder einer mobilen Anwendung. Das Surfen auf der Website kann zur Installation von Cookies auf dem Computer des Benutzers f\u00fchren. Der Benutzer kann seinen Computer jedoch folgenderma\u00dfen konfigurieren, um die Installation von Cookies abzulehnen:    <\/p>\n<ul>\n<li>Unter Firefox: Klicken Sie oben im Browserfenster auf die Firefox-Schaltfl\u00e4che und gehen Sie dann zur Registerkarte \u201eOptionen\u201c. Klicken Sie auf die Registerkarte Datenschutz. Legen Sie die Aufbewahrungsregeln fest auf: Benutzerdefinierte Einstellungen f\u00fcr den Verlauf verwenden. Deaktivieren Sie es abschlie\u00dfend, um Cookies zu deaktivieren.   <\/li>\n<li>Unter Safari: Klicken Sie oben rechts im Browser auf das Men\u00fc-Piktogramm (symbolisiert durch ein Zahnrad). W\u00e4hlen Sie Einstellungen. Klicken Sie auf Erweiterte Einstellungen anzeigen. Klicken Sie im Abschnitt \u201eDatenschutz\u201c auf Inhaltseinstellungen. Im Bereich \u201eCookies\u201c k\u00f6nnen Sie Cookies blockieren.    <\/li>\n<li>Unter Chrome: Klicken Sie oben rechts im Browser auf das Men\u00fc-Piktogramm (symbolisiert durch drei horizontale Linien). W\u00e4hlen Sie Einstellungen. Klicken Sie auf Erweiterte Einstellungen anzeigen. Klicken Sie im Abschnitt \u201eDatenschutz\u201c auf \u201eEinstellungen\u201c. Im Reiter \u201eDatenschutz\u201c k\u00f6nnen Sie Cookies blockieren.    <\/li>\n<\/ul>\n<h3>Pers\u00f6nliche Daten<\/h3>\n<p> Wenn Sie die Website nutzen, k\u00f6nnen folgende Daten erhoben werden: <\/p>\n<ul>\n<li>die URL der Links, \u00fcber die der Benutzer auf die Website gelangt ist<\/li>\n<li>der Access-Provider des Nutzers,<\/li>\n<li>Die Internet Protocol (IP)-Adresse des Benutzers&#8230;&#8230;&#8230;&#8230;&#8230;&#8230;&#8230;&#8230;. sammelt personenbezogene Daten \u00fcber den Benutzer nur im Zusammenhang mit:<\/li>\n<li>Aus dem Formular der Kontaktseite. Der Nutzer gibt diese Informationen in voller Sachkenntnis an, indem er sie selbst eingibt. Gem\u00e4\u00df den Bestimmungen der Artikel 38 ff. des Gesetzes 78-17 vom 6. Januar 1978 \u00fcber Datenverarbeitung, Dateien und Freiheiten hat jeder Benutzer das Recht auf Zugang, Berichtigung und Widerspruch zu den ihn betreffenden personenbezogenen Daten, indem er eine schriftliche Erkl\u00e4rung abgibt und unterzeichneter Antrag, zusammen mit einer Kopie des Ausweisdokuments mit Unterschrift des Inhabers des Dokuments, unter Angabe der Adresse, an die die Antwort an die folgende E-Mail-Adresse gesendet werden muss: <a href=\"mailto:contact@lheurebleueprovence.fr\">contact@ lheurebleueprovence.fr<\/a> <\/li>\n<\/ul>\n<p> Es werden keine personenbezogenen Daten des Nutzers der Website ohne dessen Wissen ver\u00f6ffentlicht, ausgetauscht, \u00fcbertragen, abgetreten oder auf irgendeinem Medium an Dritte verkauft.<\/p>\n<\/div><\/div><\/div><\/div><\/div>\n","protected":false},"excerpt":{"rendered":"","protected":false},"author":1,"featured_media":0,"parent":0,"menu_order":26,"comment_status":"closed","ping_status":"closed","template":"","meta":{"footnotes":""},"class_list":["post-9511","page","type-page","status-publish","hentry"],"yoast_head":"<!-- This site is optimized with the Yoast SEO plugin v25.4 - https:\/\/yoast.com\/wordpress\/plugins\/seo\/ -->\n<title>Rechtliche Hinweise - L&#039;Heure Bleue en Provence<\/title>\n<meta name=\"robots\" content=\"index, follow, max-snippet:-1, max-image-preview:large, max-video-preview:-1\" \/>\n<link rel=\"canonical\" href=\"https:\/\/www.lheurebleueprovence.fr\/de\/rechtliche-hinweise\/\" \/>\n<meta property=\"og:locale\" content=\"de_DE\" \/>\n<meta property=\"og:type\" content=\"article\" \/>\n<meta property=\"og:title\" content=\"Rechtliche Hinweise - L&#039;Heure Bleue en Provence\" \/>\n<meta property=\"og:url\" content=\"https:\/\/www.lheurebleueprovence.fr\/de\/rechtliche-hinweise\/\" \/>\n<meta property=\"og:site_name\" content=\"L&#039;Heure Bleue en Provence\" \/>\n<meta property=\"article:publisher\" content=\"https:\/\/www.facebook.com\/profile.php?id=61557930712226\" \/>\n<meta property=\"article:modified_time\" content=\"2024-09-09T07:26:47+00:00\" \/>\n<meta name=\"twitter:card\" content=\"summary_large_image\" \/>\n<meta name=\"twitter:label1\" content=\"Gesch\u00e4tzte Lesezeit\" \/>\n\t<meta name=\"twitter:data1\" content=\"4\u00a0Minuten\" \/>\n<script type=\"application\/ld+json\" class=\"yoast-schema-graph\">{\"@context\":\"https:\/\/schema.org\",\"@graph\":[{\"@type\":\"WebPage\",\"@id\":\"https:\/\/www.lheurebleueprovence.fr\/de\/rechtliche-hinweise\/\",\"url\":\"https:\/\/www.lheurebleueprovence.fr\/de\/rechtliche-hinweise\/\",\"name\":\"Rechtliche Hinweise - L&#039;Heure Bleue en Provence\",\"isPartOf\":{\"@id\":\"https:\/\/www.lheurebleueprovence.fr\/de\/#website\"},\"datePublished\":\"2024-04-16T14:08:14+00:00\",\"dateModified\":\"2024-09-09T07:26:47+00:00\",\"breadcrumb\":{\"@id\":\"https:\/\/www.lheurebleueprovence.fr\/de\/rechtliche-hinweise\/#breadcrumb\"},\"inLanguage\":\"de\",\"potentialAction\":[{\"@type\":\"ReadAction\",\"target\":[\"https:\/\/www.lheurebleueprovence.fr\/de\/rechtliche-hinweise\/\"]}]},{\"@type\":\"BreadcrumbList\",\"@id\":\"https:\/\/www.lheurebleueprovence.fr\/de\/rechtliche-hinweise\/#breadcrumb\",\"itemListElement\":[{\"@type\":\"ListItem\",\"position\":1,\"name\":\"Accueil\",\"item\":\"https:\/\/www.lheurebleueprovence.fr\/de\/willkommen\/\"},{\"@type\":\"ListItem\",\"position\":2,\"name\":\"Rechtliche Hinweise\"}]},{\"@type\":\"WebSite\",\"@id\":\"https:\/\/www.lheurebleueprovence.fr\/de\/#website\",\"url\":\"https:\/\/www.lheurebleueprovence.fr\/de\/\",\"name\":\"L'Heure Bleue en Provence\",\"description\":\"Salon de Th\u00e9 &amp; Restaurant &amp; Chambres d&#039;H\u00f4tes \u00e0 Villeneuve les Avignon en Provence\",\"publisher\":{\"@id\":\"https:\/\/www.lheurebleueprovence.fr\/de\/#organization\"},\"potentialAction\":[{\"@type\":\"SearchAction\",\"target\":{\"@type\":\"EntryPoint\",\"urlTemplate\":\"https:\/\/www.lheurebleueprovence.fr\/de\/?s={search_term_string}\"},\"query-input\":{\"@type\":\"PropertyValueSpecification\",\"valueRequired\":true,\"valueName\":\"search_term_string\"}}],\"inLanguage\":\"de\"},{\"@type\":\"Organization\",\"@id\":\"https:\/\/www.lheurebleueprovence.fr\/de\/#organization\",\"name\":\"L'Heure Bleue en Provence\",\"url\":\"https:\/\/www.lheurebleueprovence.fr\/de\/\",\"logo\":{\"@type\":\"ImageObject\",\"inLanguage\":\"de\",\"@id\":\"https:\/\/www.lheurebleueprovence.fr\/de\/#\/schema\/logo\/image\/\",\"url\":\"https:\/\/www.lheurebleueprovence.fr\/wp-content\/uploads\/2025\/07\/Capture-decran-2025-07-01-145020.png\",\"contentUrl\":\"https:\/\/www.lheurebleueprovence.fr\/wp-content\/uploads\/2025\/07\/Capture-decran-2025-07-01-145020.png\",\"width\":118,\"height\":142,\"caption\":\"L'Heure Bleue en Provence\"},\"image\":{\"@id\":\"https:\/\/www.lheurebleueprovence.fr\/de\/#\/schema\/logo\/image\/\"},\"sameAs\":[\"https:\/\/www.facebook.com\/profile.php?id=61557930712226\",\"https:\/\/www.instagram.com\/lheurebleue_la_regence\/?hl=fr\"]}]}<\/script>\n<!-- \/ Yoast SEO plugin. -->","yoast_head_json":{"title":"Rechtliche Hinweise - L&#039;Heure Bleue en Provence","robots":{"index":"index","follow":"follow","max-snippet":"max-snippet:-1","max-image-preview":"max-image-preview:large","max-video-preview":"max-video-preview:-1"},"canonical":"https:\/\/www.lheurebleueprovence.fr\/de\/rechtliche-hinweise\/","og_locale":"de_DE","og_type":"article","og_title":"Rechtliche Hinweise - L&#039;Heure Bleue en Provence","og_url":"https:\/\/www.lheurebleueprovence.fr\/de\/rechtliche-hinweise\/","og_site_name":"L&#039;Heure Bleue en Provence","article_publisher":"https:\/\/www.facebook.com\/profile.php?id=61557930712226","article_modified_time":"2024-09-09T07:26:47+00:00","twitter_card":"summary_large_image","twitter_misc":{"Gesch\u00e4tzte Lesezeit":"4\u00a0Minuten"},"schema":{"@context":"https:\/\/schema.org","@graph":[{"@type":"WebPage","@id":"https:\/\/www.lheurebleueprovence.fr\/de\/rechtliche-hinweise\/","url":"https:\/\/www.lheurebleueprovence.fr\/de\/rechtliche-hinweise\/","name":"Rechtliche Hinweise - L&#039;Heure Bleue en Provence","isPartOf":{"@id":"https:\/\/www.lheurebleueprovence.fr\/de\/#website"},"datePublished":"2024-04-16T14:08:14+00:00","dateModified":"2024-09-09T07:26:47+00:00","breadcrumb":{"@id":"https:\/\/www.lheurebleueprovence.fr\/de\/rechtliche-hinweise\/#breadcrumb"},"inLanguage":"de","potentialAction":[{"@type":"ReadAction","target":["https:\/\/www.lheurebleueprovence.fr\/de\/rechtliche-hinweise\/"]}]},{"@type":"BreadcrumbList","@id":"https:\/\/www.lheurebleueprovence.fr\/de\/rechtliche-hinweise\/#breadcrumb","itemListElement":[{"@type":"ListItem","position":1,"name":"Accueil","item":"https:\/\/www.lheurebleueprovence.fr\/de\/willkommen\/"},{"@type":"ListItem","position":2,"name":"Rechtliche Hinweise"}]},{"@type":"WebSite","@id":"https:\/\/www.lheurebleueprovence.fr\/de\/#website","url":"https:\/\/www.lheurebleueprovence.fr\/de\/","name":"L'Heure Bleue en Provence","description":"Salon de Th\u00e9 &amp; Restaurant &amp; Chambres d&#039;H\u00f4tes \u00e0 Villeneuve les Avignon en Provence","publisher":{"@id":"https:\/\/www.lheurebleueprovence.fr\/de\/#organization"},"potentialAction":[{"@type":"SearchAction","target":{"@type":"EntryPoint","urlTemplate":"https:\/\/www.lheurebleueprovence.fr\/de\/?s={search_term_string}"},"query-input":{"@type":"PropertyValueSpecification","valueRequired":true,"valueName":"search_term_string"}}],"inLanguage":"de"},{"@type":"Organization","@id":"https:\/\/www.lheurebleueprovence.fr\/de\/#organization","name":"L'Heure Bleue en Provence","url":"https:\/\/www.lheurebleueprovence.fr\/de\/","logo":{"@type":"ImageObject","inLanguage":"de","@id":"https:\/\/www.lheurebleueprovence.fr\/de\/#\/schema\/logo\/image\/","url":"https:\/\/www.lheurebleueprovence.fr\/wp-content\/uploads\/2025\/07\/Capture-decran-2025-07-01-145020.png","contentUrl":"https:\/\/www.lheurebleueprovence.fr\/wp-content\/uploads\/2025\/07\/Capture-decran-2025-07-01-145020.png","width":118,"height":142,"caption":"L'Heure Bleue en Provence"},"image":{"@id":"https:\/\/www.lheurebleueprovence.fr\/de\/#\/schema\/logo\/image\/"},"sameAs":["https:\/\/www.facebook.com\/profile.php?id=61557930712226","https:\/\/www.instagram.com\/lheurebleue_la_regence\/?hl=fr"]}]}},"_links":{"self":[{"href":"https:\/\/www.lheurebleueprovence.fr\/de\/wp-json\/wp\/v2\/pages\/9511","targetHints":{"allow":["GET"]}}],"collection":[{"href":"https:\/\/www.lheurebleueprovence.fr\/de\/wp-json\/wp\/v2\/pages"}],"about":[{"href":"https:\/\/www.lheurebleueprovence.fr\/de\/wp-json\/wp\/v2\/types\/page"}],"author":[{"embeddable":true,"href":"https:\/\/www.lheurebleueprovence.fr\/de\/wp-json\/wp\/v2\/users\/1"}],"replies":[{"embeddable":true,"href":"https:\/\/www.lheurebleueprovence.fr\/de\/wp-json\/wp\/v2\/comments?post=9511"}],"version-history":[{"count":2,"href":"https:\/\/www.lheurebleueprovence.fr\/de\/wp-json\/wp\/v2\/pages\/9511\/revisions"}],"predecessor-version":[{"id":9513,"href":"https:\/\/www.lheurebleueprovence.fr\/de\/wp-json\/wp\/v2\/pages\/9511\/revisions\/9513"}],"wp:attachment":[{"href":"https:\/\/www.lheurebleueprovence.fr\/de\/wp-json\/wp\/v2\/media?parent=9511"}],"curies":[{"name":"wp","href":"https:\/\/api.w.org\/{rel}","templated":true}]}}